{"id":12577,"date":"2025-10-17T16:05:07","date_gmt":"2025-10-17T20:05:07","guid":{"rendered":"https:\/\/tapatiasupermarket.com\/?page_id=12577"},"modified":"2026-03-12T09:47:57","modified_gmt":"2026-03-12T13:47:57","slug":"rifa-loyalty-program","status":"publish","type":"page","link":"https:\/\/tapatiasupermarket.com\/en\/rifa-loyalty-program\/","title":{"rendered":"Rifa Loyalty Program"},"content":{"rendered":"<div data-elementor-type=\"wp-page\" data-elementor-id=\"12577\" class=\"elementor elementor-12577\" data-elementor-post-type=\"page\">\n\t\t\t\t<div class=\"elementor-element elementor-element-eb93f7d e-con-full e-flex e-con e-parent\" data-id=\"eb93f7d\" data-element_type=\"container\" data-settings=\"{&quot;background_background&quot;:&quot;classic&quot;}\">\n\t\t\t\t<div class=\"elementor-element elementor-element-f9492a4 elementor-hidden-tablet elementor-hidden-mobile elementor-widget elementor-widget-image\" data-id=\"f9492a4\" data-element_type=\"widget\" data-widget_type=\"image.default\">\n\t\t\t\t<div class=\"elementor-widget-container\">\n\t\t\t\t\t\t\t\t\t\t\t\t\t\t\t<img fetchpriority=\"high\" decoding=\"async\" width=\"1920\" height=\"700\" src=\"https:\/\/tapatiasupermarket.com\/wp-content\/uploads\/2026\/03\/Big-raffle-website-ingles-2026-1.webp\" class=\"attachment-full size-full wp-image-14152\" alt=\"GRAN RIFA | Participa con compras de $25 o m\u00e1s. | Solo en | JOG RD | MILITARY | TAMARAC\" srcset=\"https:\/\/tapatiasupermarket.com\/wp-content\/uploads\/2026\/03\/Big-raffle-website-ingles-2026-1.webp 1920w, https:\/\/tapatiasupermarket.com\/wp-content\/uploads\/2026\/03\/Big-raffle-website-ingles-2026-1-300x109.webp 300w, https:\/\/tapatiasupermarket.com\/wp-content\/uploads\/2026\/03\/Big-raffle-website-ingles-2026-1-1024x373.webp 1024w, https:\/\/tapatiasupermarket.com\/wp-content\/uploads\/2026\/03\/Big-raffle-website-ingles-2026-1-768x280.webp 768w, https:\/\/tapatiasupermarket.com\/wp-content\/uploads\/2026\/03\/Big-raffle-website-ingles-2026-1-1536x560.webp 1536w, https:\/\/tapatiasupermarket.com\/wp-content\/uploads\/2026\/03\/Big-raffle-website-ingles-2026-1-18x7.webp 18w\" sizes=\"(max-width: 1920px) 100vw, 1920px\" \/>\t\t\t\t\t\t\t\t\t\t\t\t\t\t\t<\/div>\n\t\t\t\t<\/div>\n\t\t\t\t<div class=\"elementor-element elementor-element-42b5d78 elementor-hidden-desktop elementor-widget elementor-widget-image\" data-id=\"42b5d78\" data-element_type=\"widget\" data-widget_type=\"image.default\">\n\t\t\t\t<div class=\"elementor-widget-container\">\n\t\t\t\t\t\t\t\t\t\t\t\t\t\t\t<img decoding=\"async\" width=\"1085\" height=\"2165\" src=\"https:\/\/tapatiasupermarket.com\/wp-content\/uploads\/2026\/03\/Big-raffle-website-celular-ingles-2026-1.webp\" class=\"attachment-full size-full wp-image-14150\" alt=\"GRAN RIFA | Participa con compras de $25 o m\u00e1s. | Solo en | JOG RD | MILITARY | TAMARAC\" srcset=\"https:\/\/tapatiasupermarket.com\/wp-content\/uploads\/2026\/03\/Big-raffle-website-celular-ingles-2026-1.webp 1085w, https:\/\/tapatiasupermarket.com\/wp-content\/uploads\/2026\/03\/Big-raffle-website-celular-ingles-2026-1-150x300.webp 150w, https:\/\/tapatiasupermarket.com\/wp-content\/uploads\/2026\/03\/Big-raffle-website-celular-ingles-2026-1-513x1024.webp 513w, https:\/\/tapatiasupermarket.com\/wp-content\/uploads\/2026\/03\/Big-raffle-website-celular-ingles-2026-1-768x1532.webp 768w, https:\/\/tapatiasupermarket.com\/wp-content\/uploads\/2026\/03\/Big-raffle-website-celular-ingles-2026-1-770x1536.webp 770w, https:\/\/tapatiasupermarket.com\/wp-content\/uploads\/2026\/03\/Big-raffle-website-celular-ingles-2026-1-1026x2048.webp 1026w, https:\/\/tapatiasupermarket.com\/wp-content\/uploads\/2026\/03\/Big-raffle-website-celular-ingles-2026-1-6x12.webp 6w\" sizes=\"(max-width: 1085px) 100vw, 1085px\" \/>\t\t\t\t\t\t\t\t\t\t\t\t\t\t\t<\/div>\n\t\t\t\t<\/div>\n\t\t\t\t<\/div>\n\t\t\t\t<section class=\"elementor-section elementor-top-section elementor-element elementor-element-zu5oc9b elementor-section-full_width elementor-section-height-default elementor-section-height-default\" data-id=\"zu5oc9b\" data-element_type=\"section\" data-settings=\"{&quot;background_background&quot;:&quot;classic&quot;}\">\n\t\t\t\t\t\t<div class=\"elementor-container elementor-column-gap-default\">\n\t\t\t\t\t<div class=\"elementor-column elementor-col-50 elementor-top-column elementor-element elementor-element-e26f281\" data-id=\"e26f281\" data-element_type=\"column\">\n\t\t\t<div class=\"elementor-widget-wrap elementor-element-populated\">\n\t\t\t\t\t\t<div class=\"elementor-element elementor-element-f7548de elementor-widget elementor-widget-heading\" data-id=\"f7548de\" data-element_type=\"widget\" data-widget_type=\"heading.default\">\n\t\t\t\t<div class=\"elementor-widget-container\">\n\t\t\t\t\t<h2 class=\"elementor-heading-title elementor-size-default\">How it<br> works?<\/h2>\t\t\t\t<\/div>\n\t\t\t\t<\/div>\n\t\t\t\t<div class=\"elementor-element elementor-element-518dbcf elementor-widget-mobile__width-initial elementor-hidden-desktop elementor-hidden-tablet elementor-widget-divider--view-line elementor-widget elementor-widget-divider\" data-id=\"518dbcf\" data-element_type=\"widget\" data-widget_type=\"divider.default\">\n\t\t\t\t<div class=\"elementor-widget-container\">\n\t\t\t\t\t\t\t<div class=\"elementor-divider\">\n\t\t\t<span class=\"elementor-divider-separator\">\n\t\t\t\t\t\t<\/span>\n\t\t<\/div>\n\t\t\t\t\t\t<\/div>\n\t\t\t\t<\/div>\n\t\t\t\t\t<\/div>\n\t\t<\/div>\n\t\t\t\t<div class=\"elementor-column elementor-col-50 elementor-top-column elementor-element elementor-element-34a5933\" data-id=\"34a5933\" data-element_type=\"column\" data-settings=\"{&quot;background_background&quot;:&quot;classic&quot;}\">\n\t\t\t<div class=\"elementor-widget-wrap elementor-element-populated\">\n\t\t\t\t\t\t<section class=\"elementor-section elementor-inner-section elementor-element elementor-element-f5b9c11 elementor-section-full_width elementor-section-height-default elementor-section-height-default\" data-id=\"f5b9c11\" data-element_type=\"section\">\n\t\t\t\t\t\t<div class=\"elementor-container elementor-column-gap-default\">\n\t\t\t\t\t<div class=\"elementor-column elementor-col-25 elementor-inner-column elementor-element elementor-element-fc70047\" data-id=\"fc70047\" data-element_type=\"column\">\n\t\t\t<div class=\"elementor-widget-wrap elementor-element-populated\">\n\t\t\t\t\t\t<div class=\"elementor-element elementor-element-bf4b416 e-transform elementor-position-top elementor-widget elementor-widget-image-box\" data-id=\"bf4b416\" data-element_type=\"widget\" data-settings=\"{&quot;_transform_scale_effect_hover&quot;:{&quot;unit&quot;:&quot;px&quot;,&quot;size&quot;:1.1,&quot;sizes&quot;:[]},&quot;_transform_scale_effect_hover_tablet&quot;:{&quot;unit&quot;:&quot;px&quot;,&quot;size&quot;:&quot;&quot;,&quot;sizes&quot;:[]},&quot;_transform_scale_effect_hover_mobile&quot;:{&quot;unit&quot;:&quot;px&quot;,&quot;size&quot;:&quot;&quot;,&quot;sizes&quot;:[]}}\" data-widget_type=\"image-box.default\">\n\t\t\t\t<div class=\"elementor-widget-container\">\n\t\t\t\t\t<div class=\"elementor-image-box-wrapper\"><figure class=\"elementor-image-box-img\"><img decoding=\"async\" width=\"300\" height=\"300\" src=\"https:\/\/tapatiasupermarket.com\/wp-content\/uploads\/2023\/12\/REGISTRETE-GRATIS.png\" class=\"attachment-full size-full wp-image-3021\" alt=\"\" srcset=\"https:\/\/tapatiasupermarket.com\/wp-content\/uploads\/2023\/12\/REGISTRETE-GRATIS.png 300w, https:\/\/tapatiasupermarket.com\/wp-content\/uploads\/2023\/12\/REGISTRETE-GRATIS-150x150.png 150w, https:\/\/tapatiasupermarket.com\/wp-content\/uploads\/2023\/12\/REGISTRETE-GRATIS-100x100.png 100w\" sizes=\"(max-width: 300px) 100vw, 300px\" \/><\/figure><div class=\"elementor-image-box-content\"><h3 class=\"elementor-image-box-title\">Register for free <br>in our stores<\/h3><\/div><\/div>\t\t\t\t<\/div>\n\t\t\t\t<\/div>\n\t\t\t\t\t<\/div>\n\t\t<\/div>\n\t\t\t\t<div class=\"elementor-column elementor-col-25 elementor-inner-column elementor-element elementor-element-ab30d3d\" data-id=\"ab30d3d\" data-element_type=\"column\">\n\t\t\t<div class=\"elementor-widget-wrap elementor-element-populated\">\n\t\t\t\t\t\t<div class=\"elementor-element elementor-element-ee69dff e-transform elementor-position-top elementor-widget elementor-widget-image-box\" data-id=\"ee69dff\" data-element_type=\"widget\" data-settings=\"{&quot;_transform_scale_effect_hover&quot;:{&quot;unit&quot;:&quot;px&quot;,&quot;size&quot;:1.1,&quot;sizes&quot;:[]},&quot;_transform_scale_effect_hover_tablet&quot;:{&quot;unit&quot;:&quot;px&quot;,&quot;size&quot;:&quot;&quot;,&quot;sizes&quot;:[]},&quot;_transform_scale_effect_hover_mobile&quot;:{&quot;unit&quot;:&quot;px&quot;,&quot;size&quot;:&quot;&quot;,&quot;sizes&quot;:[]}}\" data-widget_type=\"image-box.default\">\n\t\t\t\t<div class=\"elementor-widget-container\">\n\t\t\t\t\t<div class=\"elementor-image-box-wrapper\"><figure class=\"elementor-image-box-img\"><img loading=\"lazy\" decoding=\"async\" width=\"300\" height=\"300\" src=\"https:\/\/tapatiasupermarket.com\/wp-content\/uploads\/2023\/12\/ACUMULA-PUNTOS.png\" class=\"attachment-full size-full wp-image-3023\" alt=\"\" srcset=\"https:\/\/tapatiasupermarket.com\/wp-content\/uploads\/2023\/12\/ACUMULA-PUNTOS.png 300w, https:\/\/tapatiasupermarket.com\/wp-content\/uploads\/2023\/12\/ACUMULA-PUNTOS-150x150.png 150w, https:\/\/tapatiasupermarket.com\/wp-content\/uploads\/2023\/12\/ACUMULA-PUNTOS-100x100.png 100w\" sizes=\"(max-width: 300px) 100vw, 300px\" \/><\/figure><div class=\"elementor-image-box-content\"><h3 class=\"elementor-image-box-title\">Accumulate points<\/h3><\/div><\/div>\t\t\t\t<\/div>\n\t\t\t\t<\/div>\n\t\t\t\t\t<\/div>\n\t\t<\/div>\n\t\t\t\t<div class=\"elementor-column elementor-col-25 elementor-inner-column elementor-element elementor-element-9193c9a\" data-id=\"9193c9a\" data-element_type=\"column\">\n\t\t\t<div class=\"elementor-widget-wrap elementor-element-populated\">\n\t\t\t\t\t\t<div class=\"elementor-element elementor-element-9d6311c e-transform elementor-position-top elementor-widget elementor-widget-image-box\" data-id=\"9d6311c\" data-element_type=\"widget\" data-settings=\"{&quot;_transform_scale_effect_hover&quot;:{&quot;unit&quot;:&quot;px&quot;,&quot;size&quot;:1.1,&quot;sizes&quot;:[]},&quot;_transform_scale_effect_hover_tablet&quot;:{&quot;unit&quot;:&quot;px&quot;,&quot;size&quot;:&quot;&quot;,&quot;sizes&quot;:[]},&quot;_transform_scale_effect_hover_mobile&quot;:{&quot;unit&quot;:&quot;px&quot;,&quot;size&quot;:&quot;&quot;,&quot;sizes&quot;:[]}}\" data-widget_type=\"image-box.default\">\n\t\t\t\t<div class=\"elementor-widget-container\">\n\t\t\t\t\t<div class=\"elementor-image-box-wrapper\"><figure class=\"elementor-image-box-img\"><img loading=\"lazy\" decoding=\"async\" width=\"300\" height=\"300\" src=\"https:\/\/tapatiasupermarket.com\/wp-content\/uploads\/2023\/12\/OFERTAS.png\" class=\"attachment-full size-full wp-image-3020\" alt=\"\" srcset=\"https:\/\/tapatiasupermarket.com\/wp-content\/uploads\/2023\/12\/OFERTAS.png 300w, https:\/\/tapatiasupermarket.com\/wp-content\/uploads\/2023\/12\/OFERTAS-150x150.png 150w, https:\/\/tapatiasupermarket.com\/wp-content\/uploads\/2023\/12\/OFERTAS-100x100.png 100w\" sizes=\"(max-width: 300px) 100vw, 300px\" \/><\/figure><div class=\"elementor-image-box-content\"><h3 class=\"elementor-image-box-title\">Exclusive offers<\/h3><\/div><\/div>\t\t\t\t<\/div>\n\t\t\t\t<\/div>\n\t\t\t\t\t<\/div>\n\t\t<\/div>\n\t\t\t\t<div class=\"elementor-column elementor-col-25 elementor-inner-column elementor-element elementor-element-d6cbafb\" data-id=\"d6cbafb\" data-element_type=\"column\">\n\t\t\t<div class=\"elementor-widget-wrap elementor-element-populated\">\n\t\t\t\t\t\t<div class=\"elementor-element elementor-element-8ccec38 e-transform elementor-position-top elementor-widget elementor-widget-image-box\" data-id=\"8ccec38\" data-element_type=\"widget\" data-settings=\"{&quot;_transform_scale_effect_hover&quot;:{&quot;unit&quot;:&quot;px&quot;,&quot;size&quot;:1.1,&quot;sizes&quot;:[]},&quot;_transform_scale_effect_hover_tablet&quot;:{&quot;unit&quot;:&quot;px&quot;,&quot;size&quot;:&quot;&quot;,&quot;sizes&quot;:[]},&quot;_transform_scale_effect_hover_mobile&quot;:{&quot;unit&quot;:&quot;px&quot;,&quot;size&quot;:&quot;&quot;,&quot;sizes&quot;:[]}}\" data-widget_type=\"image-box.default\">\n\t\t\t\t<div class=\"elementor-widget-container\">\n\t\t\t\t\t<div class=\"elementor-image-box-wrapper\"><figure class=\"elementor-image-box-img\"><img loading=\"lazy\" decoding=\"async\" width=\"300\" height=\"300\" src=\"https:\/\/tapatiasupermarket.com\/wp-content\/uploads\/2023\/12\/RIFAS.png\" class=\"attachment-full size-full wp-image-3022\" alt=\"\" srcset=\"https:\/\/tapatiasupermarket.com\/wp-content\/uploads\/2023\/12\/RIFAS.png 300w, https:\/\/tapatiasupermarket.com\/wp-content\/uploads\/2023\/12\/RIFAS-150x150.png 150w, https:\/\/tapatiasupermarket.com\/wp-content\/uploads\/2023\/12\/RIFAS-100x100.png 100w\" sizes=\"(max-width: 300px) 100vw, 300px\" \/><\/figure><div class=\"elementor-image-box-content\"><h3 class=\"elementor-image-box-title\">Raffles<\/h3><\/div><\/div>\t\t\t\t<\/div>\n\t\t\t\t<\/div>\n\t\t\t\t\t<\/div>\n\t\t<\/div>\n\t\t\t\t\t<\/div>\n\t\t<\/section>\n\t\t\t\t\t<\/div>\n\t\t<\/div>\n\t\t\t\t\t<\/div>\n\t\t<\/section>\n\t\t<div class=\"elementor-element elementor-element-927c6a6 e-con-full e-flex e-con e-parent\" data-id=\"927c6a6\" data-element_type=\"container\">\n\t\t<div class=\"elementor-element elementor-element-0728a31 e-con-full e-flex e-con e-child\" data-id=\"0728a31\" data-element_type=\"container\">\n\t\t\t\t<div class=\"elementor-element elementor-element-0d924c6 elementor-widget-mobile__width-inherit elementor-widget elementor-widget-image\" data-id=\"0d924c6\" data-element_type=\"widget\" data-widget_type=\"image.default\">\n\t\t\t\t<div class=\"elementor-widget-container\">\n\t\t\t\t\t\t\t\t\t\t\t\t\t\t\t<img loading=\"lazy\" decoding=\"async\" width=\"980\" height=\"600\" src=\"https:\/\/tapatiasupermarket.com\/wp-content\/uploads\/2025\/10\/RIFA2025_Tap_CoverWeb2.webp\" class=\"attachment-full size-full wp-image-12398\" alt=\"\u00a1Participa con compras de $25 en adelante y ten la oportunidad de llevarte alguno de estos incre\u00edbles premios! | V\u00e1lido solo para clientes Loyalty Program\" srcset=\"https:\/\/tapatiasupermarket.com\/wp-content\/uploads\/2025\/10\/RIFA2025_Tap_CoverWeb2.webp 980w, https:\/\/tapatiasupermarket.com\/wp-content\/uploads\/2025\/10\/RIFA2025_Tap_CoverWeb2-300x184.webp 300w, https:\/\/tapatiasupermarket.com\/wp-content\/uploads\/2025\/10\/RIFA2025_Tap_CoverWeb2-768x470.webp 768w, https:\/\/tapatiasupermarket.com\/wp-content\/uploads\/2025\/10\/RIFA2025_Tap_CoverWeb2-18x12.webp 18w\" sizes=\"(max-width: 980px) 100vw, 980px\" \/>\t\t\t\t\t\t\t\t\t\t\t\t\t\t\t<\/div>\n\t\t\t\t<\/div>\n\t\t\t\t<\/div>\n\t\t<div class=\"elementor-element elementor-element-fd50acd e-con-full e-flex e-con e-child\" data-id=\"fd50acd\" data-element_type=\"container\">\n\t\t\t\t<div class=\"elementor-element elementor-element-bebb69e elementor-widget elementor-widget-heading\" data-id=\"bebb69e\" data-element_type=\"widget\" data-widget_type=\"heading.default\">\n\t\t\t\t<div class=\"elementor-widget-container\">\n\t\t\t\t\t<h2 class=\"elementor-heading-title elementor-size-default\">HEAD TO THE NEAREST         <img decoding=\"async\" src=\"https:\/\/tapatiasupermarket.com\/wp-content\/uploads\/2025\/10\/tap-logo-rifa.webp\" class=\"tap-rifa\"> BRANCH TO REGISTER IN OUR<\/h2>\t\t\t\t<\/div>\n\t\t\t\t<\/div>\n\t\t\t\t<div class=\"elementor-element elementor-element-fd89bde elementor-widget elementor-widget-image\" data-id=\"fd89bde\" data-element_type=\"widget\" data-widget_type=\"image.default\">\n\t\t\t\t<div class=\"elementor-widget-container\">\n\t\t\t\t\t\t\t\t\t\t\t\t\t\t\t<img loading=\"lazy\" decoding=\"async\" width=\"1024\" height=\"214\" src=\"https:\/\/tapatiasupermarket.com\/wp-content\/uploads\/2025\/10\/loyalty-program-1024x214.webp\" class=\"attachment-large size-large wp-image-12582\" alt=\"Loyalty Program\" srcset=\"https:\/\/tapatiasupermarket.com\/wp-content\/uploads\/2025\/10\/loyalty-program-1024x214.webp 1024w, https:\/\/tapatiasupermarket.com\/wp-content\/uploads\/2025\/10\/loyalty-program-300x63.webp 300w, https:\/\/tapatiasupermarket.com\/wp-content\/uploads\/2025\/10\/loyalty-program-768x160.webp 768w, https:\/\/tapatiasupermarket.com\/wp-content\/uploads\/2025\/10\/loyalty-program-18x4.webp 18w, https:\/\/tapatiasupermarket.com\/wp-content\/uploads\/2025\/10\/loyalty-program.webp 1211w\" sizes=\"(max-width: 1024px) 100vw, 1024px\" \/>\t\t\t\t\t\t\t\t\t\t\t\t\t\t\t<\/div>\n\t\t\t\t<\/div>\n\t\t\t\t<\/div>\n\t\t\t\t<\/div>\n\t\t\t\t<\/div>","protected":false},"excerpt":{"rendered":"<p>\u00bfC\u00f3mo funciona? Reg\u00edstrate Gratis en nuestras tiendas Acumula puntos Ofertas exclusivas Rifas DIR\u00edGETE A LA SUCURSAL MAS CERCANA PARA REGISTRARTE EN NUESTRO<\/p>","protected":false},"author":3,"featured_media":0,"parent":0,"menu_order":0,"comment_status":"closed","ping_status":"closed","template":"","meta":{"site-sidebar-layout":"no-sidebar","site-content-layout":"page-builder","ast-site-content-layout":"full-width-container","site-content-style":"default","site-sidebar-style":"default","ast-global-header-display":"","ast-banner-title-visibility":"","ast-main-header-display":"","ast-hfb-above-header-display":"","ast-hfb-below-header-display":"","ast-hfb-mobile-header-display":"","site-post-title":"disabled","ast-breadcrumbs-content":"","ast-featured-img":"disabled","footer-sml-layout":"","theme-transparent-header-meta":"","adv-header-id-meta":"","stick-header-meta":"","header-above-stick-meta":"","header-main-stick-meta":"","header-below-stick-meta":"","astra-migrate-meta-layouts":"set","ast-page-background-enabled":"default","ast-page-background-meta":{"desktop":{"background-color":"","background-image":"","background-repeat":"repeat","background-position":"center center","background-size":"auto","background-attachment":"scroll","background-type":"","background-media":"","overlay-type":"","overlay-color":"","overlay-opacity":"","overlay-gradient":""},"tablet":{"background-color":"","background-image":"","background-repeat":"repeat","background-position":"center center","background-size":"auto","background-attachment":"scroll","background-type":"","background-media":"","overlay-type":"","overlay-color":"","overlay-opacity":"","overlay-gradient":""},"mobile":{"background-color":"","background-image":"","background-repeat":"repeat","background-position":"center center","background-size":"auto","background-attachment":"scroll","background-type":"","background-media":"","overlay-type":"","overlay-color":"","overlay-opacity":"","overlay-gradient":""}},"ast-content-background-meta":{"desktop":{"background-color":"var(--ast-global-color-5)","background-image":"","background-repeat":"repeat","background-position":"center center","background-size":"auto","background-attachment":"scroll","background-type":"","background-media":"","overlay-type":"","overlay-color":"","overlay-opacity":"","overlay-gradient":""},"tablet":{"background-color":"var(--ast-global-color-5)","background-image":"","background-repeat":"repeat","background-position":"center center","background-size":"auto","background-attachment":"scroll","background-type":"","background-media":"","overlay-type":"","overlay-color":"","overlay-opacity":"","overlay-gradient":""},"mobile":{"background-color":"var(--ast-global-color-5)","background-image":"","background-repeat":"repeat","background-position":"center center","background-size":"auto","background-attachment":"scroll","background-type":"","background-media":"","overlay-type":"","overlay-color":"","overlay-opacity":"","overlay-gradient":""}},"footnotes":""},"class_list":["post-12577","page","type-page","status-publish","hentry"],"_links":{"self":[{"href":"https:\/\/tapatiasupermarket.com\/en\/wp-json\/wp\/v2\/pages\/12577","targetHints":{"allow":["GET"]}}],"collection":[{"href":"https:\/\/tapatiasupermarket.com\/en\/wp-json\/wp\/v2\/pages"}],"about":[{"href":"https:\/\/tapatiasupermarket.com\/en\/wp-json\/wp\/v2\/types\/page"}],"author":[{"embeddable":true,"href":"https:\/\/tapatiasupermarket.com\/en\/wp-json\/wp\/v2\/users\/3"}],"replies":[{"embeddable":true,"href":"https:\/\/tapatiasupermarket.com\/en\/wp-json\/wp\/v2\/comments?post=12577"}],"version-history":[{"count":22,"href":"https:\/\/tapatiasupermarket.com\/en\/wp-json\/wp\/v2\/pages\/12577\/revisions"}],"predecessor-version":[{"id":14164,"href":"https:\/\/tapatiasupermarket.com\/en\/wp-json\/wp\/v2\/pages\/12577\/revisions\/14164"}],"wp:attachment":[{"href":"https:\/\/tapatiasupermarket.com\/en\/wp-json\/wp\/v2\/media?parent=12577"}],"curies":[{"name":"wp","href":"https:\/\/api.w.org\/{rel}","templated":true}]}}